{"id":29637,"date":"2026-02-28T00:13:41","date_gmt":"2026-02-28T00:13:41","guid":{"rendered":"https:\/\/msit.ma\/wordpress\/?page_id=29637"},"modified":"2026-03-04T12:37:45","modified_gmt":"2026-03-04T12:37:45","slug":"tout-en-un","status":"publish","type":"page","link":"https:\/\/msit.ma\/index.php\/tout-en-un\/","title":{"rendered":"FULL STACK INFRASTRUCTURE"},"content":{"rendered":"\t\t<div data-elementor-type=\"wp-page\" data-elementor-id=\"29637\" class=\"elementor elementor-29637\" data-elementor-post-type=\"page\">\n\t\t\t\t<div class=\"wd-negative-gap elementor-element elementor-element-ba1c748 e-flex e-con-boxed e-con e-parent\" data-id=\"ba1c748\" data-element_type=\"container\">\n\t\t\t\t\t<div class=\"e-con-inner\">\n\t\t<div class=\"elementor-element elementor-element-baaa010 e-con-full e-flex e-con e-child\" data-id=\"baaa010\" data-element_type=\"container\">\n\t\t\t\t<div class=\"elementor-element elementor-element-ac8a756 color-scheme-inherit text-left elementor-widget elementor-widget-text-editor\" data-id=\"ac8a756\" data-element_type=\"widget\" data-widget_type=\"text-editor.default\">\n\t\t\t\t\t\t\t\t\t<h3 data-start=\"0\" data-end=\"55\"><strong data-start=\"4\" data-end=\"55\">\u00a0<\/strong><\/h3><p data-start=\"57\" data-end=\"461\">La formation <strong data-start=\"70\" data-end=\"118\">Full Stack Infrastructure <\/strong>\u00a0propos\u00e9e par <strong data-start=\"132\" data-end=\"140\">MSIT<\/strong> est un programme professionnel intensif con\u00e7u pour former de v\u00e9ritables ing\u00e9nieurs syst\u00e8mes et r\u00e9seaux polyvalents. Structur\u00e9e \u00e0 80% pratique et 20% th\u00e9orique, elle couvre l\u2019ensemble des piliers fondamentaux de l\u2019infrastructure IT moderne : c\u00e2blage, r\u00e9seaux, syst\u00e8mes, virtualisation, sauvegarde, cloud et cybers\u00e9curit\u00e9.<\/p><p data-start=\"463\" data-end=\"792\">Les participants d\u00e9butent par les bases physiques de l\u2019infrastructure (c\u00e2blage cuivre et fibre optique, organisation des baies et datacenters, vid\u00e9osurveillance IP), puis \u00e9voluent vers la configuration avanc\u00e9e des \u00e9quipements <strong data-start=\"689\" data-end=\"730\"><span class=\"hover:entity-accent entity-underline inline cursor-pointer align-baseline\"><span class=\"whitespace-normal\">Cisco<\/span><\/span><\/strong> (VLAN, routage dynamique OSPF\/EIGRP, ACL, services r\u00e9seau).<\/p><p data-start=\"794\" data-end=\"1152\">La formation int\u00e8gre ensuite l\u2019administration compl\u00e8te de <strong data-start=\"852\" data-end=\"893\"><span class=\"hover:entity-accent entity-underline inline cursor-pointer align-baseline\"><span class=\"whitespace-normal\">Windows Server 2022<\/span><\/span><\/strong> avec Active Directory, GPO, services DHCP\/DNS, Hyper-V et gestion du stockage. La virtualisation avanc\u00e9e est abord\u00e9e avec <strong data-start=\"1016\" data-end=\"1057\"><span class=\"hover:entity-accent entity-underline inline cursor-pointer align-baseline\"><span class=\"whitespace-normal\">VMware vSphere<\/span><\/span><\/strong> (ESXi, vCenter, vMotion, stockage iSCSI\/NFS), ainsi que les strat\u00e9gies de haute disponibilit\u00e9.<\/p><p data-start=\"1154\" data-end=\"1344\">Le volet continuit\u00e9 d\u2019activit\u00e9 est assur\u00e9 gr\u00e2ce \u00e0 <strong data-start=\"1204\" data-end=\"1245\"><span class=\"hover:entity-accent entity-underline inline cursor-pointer align-baseline\"><span class=\"whitespace-normal\">Veeam Backup &amp; Replication<\/span><\/span><\/strong>, permettant la mise en place de solutions de sauvegarde, r\u00e9plication et restauration granulaire.<\/p><p data-start=\"1346\" data-end=\"1566\">La dimension Cloud est d\u00e9velopp\u00e9e avec <strong data-start=\"1385\" data-end=\"1426\"><span class=\"hover:entity-accent entity-underline inline cursor-pointer align-baseline\"><span class=\"whitespace-normal\">Microsoft Azure<\/span><\/span><\/strong> : gestion des souscriptions, d\u00e9ploiement de machines virtuelles, stockage cloud, identit\u00e9s et introduction aux environnements Kubernetes.<\/p><p data-start=\"1568\" data-end=\"1857\">Enfin, la s\u00e9curisation compl\u00e8te de l\u2019infrastructure est r\u00e9alis\u00e9e avec les solutions <strong data-start=\"1652\" data-end=\"1693\"><span class=\"hover:entity-accent entity-underline inline cursor-pointer align-baseline\"><span class=\"whitespace-normal\">Fortinet<\/span><\/span><\/strong> via les pare-feu <strong data-start=\"1711\" data-end=\"1724\">FortiGate<\/strong> : politiques de s\u00e9curit\u00e9, VPN IPsec, SD-WAN, filtrage applicatif, analyse des logs et mise en place de clusters haute disponibilit\u00e9.<\/p><p data-start=\"1859\" data-end=\"2251\" data-is-last-node=\"\" data-is-only-node=\"\">\u00c0 l\u2019issue de cette formation, vous serez capable de concevoir, d\u00e9ployer, administrer et s\u00e9curiser une infrastructure IT compl\u00e8te de niveau entreprise. Ce parcours vous pr\u00e9pare \u00e0 occuper des postes tels qu\u2019Administrateur Syst\u00e8mes &amp; R\u00e9seaux, Ing\u00e9nieur Infrastructure, Consultant IT ou Responsable IT, avec une autonomie technique r\u00e9elle et imm\u00e9diatement exploitable sur le march\u00e9 professionnel.<\/p>\t\t\t\t\t\t\t\t<\/div>\n\t\t\t\t<\/div>\n\t\t\t\t\t<\/div>\n\t\t\t\t<\/div>\n\t\t<div class=\"wd-negative-gap elementor-element elementor-element-d8e58fe e-flex e-con-boxed e-con e-parent\" data-id=\"d8e58fe\" data-element_type=\"container\">\n\t\t\t\t\t<div class=\"e-con-inner\">\n\t\t<div class=\"elementor-element elementor-element-12228f7 e-con-full e-flex e-con e-child\" data-id=\"12228f7\" data-element_type=\"container\">\n\t\t\t\t<div class=\"elementor-element elementor-element-3ddd540 elementor-view-default elementor-position-block-start elementor-mobile-position-block-start elementor-widget elementor-widget-icon-box\" data-id=\"3ddd540\" data-element_type=\"widget\" data-widget_type=\"icon-box.default\">\n\t\t\t\t\t\t\t<div class=\"elementor-icon-box-wrapper\">\n\n\t\t\t\t\t\t<div class=\"elementor-icon-box-icon\">\n\t\t\t\t<span  class=\"elementor-icon\">\n\t\t\t\t<i aria-hidden=\"true\" class=\"icon icon-Profile\"><\/i>\t\t\t\t<\/span>\n\t\t\t<\/div>\n\t\t\t\n\t\t\t\t\t\t<div class=\"elementor-icon-box-content\">\n\n\t\t\t\t\t\t\t\t\t<h3 class=\"elementor-icon-box-title\">\n\t\t\t\t\t\t<span  >\n\t\t\t\t\t\t\tFORMATIONS\t\t\t\t\t\t<\/span>\n\t\t\t\t\t<\/h3>\n\t\t\t\t\n\t\t\t\t\t\t\t\t\t<p class=\"elementor-icon-box-description\">\n\t\t\t\t\t\tNous proposons des formations professionnelles avec des LAB sur un vrai mat\u00e9riel (Acc\u00e8s directe \u00e0 notre DataCenter), et nous vous garantissons la qualit\u00e9 dans nos m\u00e9thodes d\u2019apprentissage.\t\t\t\t\t<\/p>\n\t\t\t\t\n\t\t\t<\/div>\n\t\t\t\n\t\t<\/div>\n\t\t\t\t\t\t<\/div>\n\t\t\t\t<\/div>\n\t\t<div class=\"elementor-element elementor-element-25ef2e0 e-con-full e-flex e-con e-child\" data-id=\"25ef2e0\" data-element_type=\"container\">\n\t\t\t\t<div class=\"elementor-element elementor-element-0384d84 elementor-view-default elementor-position-block-start elementor-mobile-position-block-start elementor-widget elementor-widget-icon-box\" data-id=\"0384d84\" data-element_type=\"widget\" data-widget_type=\"icon-box.default\">\n\t\t\t\t\t\t\t<div class=\"elementor-icon-box-wrapper\">\n\n\t\t\t\t\t\t<div class=\"elementor-icon-box-icon\">\n\t\t\t\t<span  class=\"elementor-icon\">\n\t\t\t\t<svg aria-hidden=\"true\" class=\"e-font-icon-svg e-far-check-circle\" viewBox=\"0 0 512 512\" xmlns=\"http:\/\/www.w3.org\/2000\/svg\"><path d=\"M256 8C119.033 8 8 119.033 8 256s111.033 248 248 248 248-111.033 248-248S392.967 8 256 8zm0 48c110.532 0 200 89.451 200 200 0 110.532-89.451 200-200 200-110.532 0-200-89.451-200-200 0-110.532 89.451-200 200-200m140.204 130.267l-22.536-22.718c-4.667-4.705-12.265-4.736-16.97-.068L215.346 303.697l-59.792-60.277c-4.667-4.705-12.265-4.736-16.97-.069l-22.719 22.536c-4.705 4.667-4.736 12.265-.068 16.971l90.781 91.516c4.667 4.705 12.265 4.736 16.97.068l172.589-171.204c4.704-4.668 4.734-12.266.067-16.971z\"><\/path><\/svg>\t\t\t\t<\/span>\n\t\t\t<\/div>\n\t\t\t\n\t\t\t\t\t\t<div class=\"elementor-icon-box-content\">\n\n\t\t\t\t\t\t\t\t\t<h3 class=\"elementor-icon-box-title\">\n\t\t\t\t\t\t<span  >\n\t\t\t\t\t\t\tSOLUTION RAPIDE\t\t\t\t\t\t<\/span>\n\t\t\t\t\t<\/h3>\n\t\t\t\t\n\t\t\t\t\t\t\t\t\t<p class=\"elementor-icon-box-description\">\n\t\t\t\t\t\tNous trouvons rapidement des solutions pour les apprenants, salari\u00e9s, demandeurs d\u2019emploi et entreprises partenaires.\t\t\t\t\t<\/p>\n\t\t\t\t\n\t\t\t<\/div>\n\t\t\t\n\t\t<\/div>\n\t\t\t\t\t\t<\/div>\n\t\t\t\t<\/div>\n\t\t<div class=\"elementor-element elementor-element-c5a78a5 e-con-full e-flex e-con e-child\" data-id=\"c5a78a5\" data-element_type=\"container\">\n\t\t\t\t<div class=\"elementor-element elementor-element-66936fc elementor-view-default elementor-position-block-start elementor-mobile-position-block-start elementor-widget elementor-widget-icon-box\" data-id=\"66936fc\" data-element_type=\"widget\" data-widget_type=\"icon-box.default\">\n\t\t\t\t\t\t\t<div class=\"elementor-icon-box-wrapper\">\n\n\t\t\t\t\t\t<div class=\"elementor-icon-box-icon\">\n\t\t\t\t<span  class=\"elementor-icon\">\n\t\t\t\t<svg aria-hidden=\"true\" class=\"e-font-icon-svg e-fas-map-marker-alt\" viewBox=\"0 0 384 512\" xmlns=\"http:\/\/www.w3.org\/2000\/svg\"><path d=\"M172.268 501.67C26.97 291.031 0 269.413 0 192 0 85.961 85.961 0 192 0s192 85.961 192 192c0 77.413-26.97 99.031-172.268 309.67-9.535 13.774-29.93 13.773-39.464 0zM192 272c44.183 0 80-35.817 80-80s-35.817-80-80-80-80 35.817-80 80 35.817 80 80 80z\"><\/path><\/svg>\t\t\t\t<\/span>\n\t\t\t<\/div>\n\t\t\t\n\t\t\t\t\t\t<div class=\"elementor-icon-box-content\">\n\n\t\t\t\t\t\t\t\t\t<h3 class=\"elementor-icon-box-title\">\n\t\t\t\t\t\t<span  >\n\t\t\t\t\t\t\tStrat\u00e9gie locale\t\t\t\t\t\t<\/span>\n\t\t\t\t\t<\/h3>\n\t\t\t\t\n\t\t\t\t\t\t\t\t\t<p class=\"elementor-icon-box-description\">\n\t\t\t\t\t\tNous avons un local tr\u00e8s strat\u00e9gique \u00e0 Casablanca (Juste \u00e0 cot\u00e9 du Casavoyageurs), sinon nous proposons des formations en ligne.\t\t\t\t\t<\/p>\n\t\t\t\t\n\t\t\t<\/div>\n\t\t\t\n\t\t<\/div>\n\t\t\t\t\t\t<\/div>\n\t\t\t\t<\/div>\n\t\t<div class=\"elementor-element elementor-element-640e409 e-con-full e-flex e-con e-child\" data-id=\"640e409\" data-element_type=\"container\">\n\t\t\t\t<div class=\"elementor-element elementor-element-6eec44e elementor-view-default elementor-position-block-start elementor-mobile-position-block-start elementor-widget elementor-widget-icon-box\" data-id=\"6eec44e\" data-element_type=\"widget\" data-widget_type=\"icon-box.default\">\n\t\t\t\t\t\t\t<div class=\"elementor-icon-box-wrapper\">\n\n\t\t\t\t\t\t<div class=\"elementor-icon-box-icon\">\n\t\t\t\t<span  class=\"elementor-icon\">\n\t\t\t\t<svg aria-hidden=\"true\" class=\"e-font-icon-svg e-fas-chalkboard-teacher\" viewBox=\"0 0 640 512\" xmlns=\"http:\/\/www.w3.org\/2000\/svg\"><path d=\"M208 352c-2.39 0-4.78.35-7.06 1.09C187.98 357.3 174.35 360 160 360c-14.35 0-27.98-2.7-40.95-6.91-2.28-.74-4.66-1.09-7.05-1.09C49.94 352-.33 402.48 0 464.62.14 490.88 21.73 512 48 512h224c26.27 0 47.86-21.12 48-47.38.33-62.14-49.94-112.62-112-112.62zm-48-32c53.02 0 96-42.98 96-96s-42.98-96-96-96-96 42.98-96 96 42.98 96 96 96zM592 0H208c-26.47 0-48 22.25-48 49.59V96c23.42 0 45.1 6.78 64 17.8V64h352v288h-64v-64H384v64h-76.24c19.1 16.69 33.12 38.73 39.69 64H592c26.47 0 48-22.25 48-49.59V49.59C640 22.25 618.47 0 592 0z\"><\/path><\/svg>\t\t\t\t<\/span>\n\t\t\t<\/div>\n\t\t\t\n\t\t\t\t\t\t<div class=\"elementor-icon-box-content\">\n\n\t\t\t\t\t\t\t\t\t<h3 class=\"elementor-icon-box-title\">\n\t\t\t\t\t\t<span  >\n\t\t\t\t\t\t\tEXPERTISE\t\t\t\t\t\t<\/span>\n\t\t\t\t\t<\/h3>\n\t\t\t\t\n\t\t\t\t\t\t\t\t\t<p class=\"elementor-icon-box-description\">\n\t\t\t\t\t\tNos consultant ont plus de 10 ann\u00e9es aux services de la formation, l\u2019association fait profiter de cette grande exp\u00e9rience aux apprenants et entreprises partenaires.\t\t\t\t\t<\/p>\n\t\t\t\t\n\t\t\t<\/div>\n\t\t\t\n\t\t<\/div>\n\t\t\t\t\t\t<\/div>\n\t\t\t\t<\/div>\n\t\t<div class=\"elementor-element elementor-element-26288d4 e-con-full e-flex e-con e-child\" data-id=\"26288d4\" data-element_type=\"container\">\n\t\t\t\t<div class=\"elementor-element elementor-element-1667a2c elementor-view-default elementor-position-block-start elementor-mobile-position-block-start elementor-widget elementor-widget-icon-box\" data-id=\"1667a2c\" data-element_type=\"widget\" data-widget_type=\"icon-box.default\">\n\t\t\t\t\t\t\t<div class=\"elementor-icon-box-wrapper\">\n\n\t\t\t\t\t\t<div class=\"elementor-icon-box-icon\">\n\t\t\t\t<span  class=\"elementor-icon\">\n\t\t\t\t<svg aria-hidden=\"true\" class=\"e-font-icon-svg e-far-chart-bar\" viewBox=\"0 0 512 512\" xmlns=\"http:\/\/www.w3.org\/2000\/svg\"><path d=\"M396.8 352h22.4c6.4 0 12.8-6.4 12.8-12.8V108.8c0-6.4-6.4-12.8-12.8-12.8h-22.4c-6.4 0-12.8 6.4-12.8 12.8v230.4c0 6.4 6.4 12.8 12.8 12.8zm-192 0h22.4c6.4 0 12.8-6.4 12.8-12.8V140.8c0-6.4-6.4-12.8-12.8-12.8h-22.4c-6.4 0-12.8 6.4-12.8 12.8v198.4c0 6.4 6.4 12.8 12.8 12.8zm96 0h22.4c6.4 0 12.8-6.4 12.8-12.8V204.8c0-6.4-6.4-12.8-12.8-12.8h-22.4c-6.4 0-12.8 6.4-12.8 12.8v134.4c0 6.4 6.4 12.8 12.8 12.8zM496 400H48V80c0-8.84-7.16-16-16-16H16C7.16 64 0 71.16 0 80v336c0 17.67 14.33 32 32 32h464c8.84 0 16-7.16 16-16v-16c0-8.84-7.16-16-16-16zm-387.2-48h22.4c6.4 0 12.8-6.4 12.8-12.8v-70.4c0-6.4-6.4-12.8-12.8-12.8h-22.4c-6.4 0-12.8 6.4-12.8 12.8v70.4c0 6.4 6.4 12.8 12.8 12.8z\"><\/path><\/svg>\t\t\t\t<\/span>\n\t\t\t<\/div>\n\t\t\t\n\t\t\t\t\t\t<div class=\"elementor-icon-box-content\">\n\n\t\t\t\t\t\t\t\t\t<h3 class=\"elementor-icon-box-title\">\n\t\t\t\t\t\t<span  >\n\t\t\t\t\t\t\tD\u00c9VELOPPEMENT\t\t\t\t\t\t<\/span>\n\t\t\t\t\t<\/h3>\n\t\t\t\t\n\t\t\t\t\t\t\t\t\t<p class=\"elementor-icon-box-description\">\n\t\t\t\t\t\tNous mettons tout en oeuvre pour votre d\u00e9veloppement personnel et professionnel.\t\t\t\t\t<\/p>\n\t\t\t\t\n\t\t\t<\/div>\n\t\t\t\n\t\t<\/div>\n\t\t\t\t\t\t<\/div>\n\t\t\t\t<\/div>\n\t\t<div class=\"elementor-element elementor-element-e2d3ede e-con-full e-flex e-con e-child\" data-id=\"e2d3ede\" data-element_type=\"container\">\n\t\t\t\t<div class=\"elementor-element elementor-element-4af52d0 elementor-view-default elementor-position-block-start elementor-mobile-position-block-start elementor-widget elementor-widget-icon-box\" data-id=\"4af52d0\" data-element_type=\"widget\" data-widget_type=\"icon-box.default\">\n\t\t\t\t\t\t\t<div class=\"elementor-icon-box-wrapper\">\n\n\t\t\t\t\t\t<div class=\"elementor-icon-box-icon\">\n\t\t\t\t<span  class=\"elementor-icon\">\n\t\t\t\t<svg aria-hidden=\"true\" class=\"e-font-icon-svg e-far-lightbulb\" viewBox=\"0 0 352 512\" xmlns=\"http:\/\/www.w3.org\/2000\/svg\"><path d=\"M176 80c-52.94 0-96 43.06-96 96 0 8.84 7.16 16 16 16s16-7.16 16-16c0-35.3 28.72-64 64-64 8.84 0 16-7.16 16-16s-7.16-16-16-16zM96.06 459.17c0 3.15.93 6.22 2.68 8.84l24.51 36.84c2.97 4.46 7.97 7.14 13.32 7.14h78.85c5.36 0 10.36-2.68 13.32-7.14l24.51-36.84c1.74-2.62 2.67-5.7 2.68-8.84l.05-43.18H96.02l.04 43.18zM176 0C73.72 0 0 82.97 0 176c0 44.37 16.45 84.85 43.56 115.78 16.64 18.99 42.74 58.8 52.42 92.16v.06h48v-.12c-.01-4.77-.72-9.51-2.15-14.07-5.59-17.81-22.82-64.77-62.17-109.67-20.54-23.43-31.52-53.15-31.61-84.14-.2-73.64 59.67-128 127.95-128 70.58 0 128 57.42 128 128 0 30.97-11.24 60.85-31.65 84.14-39.11 44.61-56.42 91.47-62.1 109.46a47.507 47.507 0 0 0-2.22 14.3v.1h48v-.05c9.68-33.37 35.78-73.18 52.42-92.16C335.55 260.85 352 220.37 352 176 352 78.8 273.2 0 176 0z\"><\/path><\/svg>\t\t\t\t<\/span>\n\t\t\t<\/div>\n\t\t\t\n\t\t\t\t\t\t<div class=\"elementor-icon-box-content\">\n\n\t\t\t\t\t\t\t\t\t<h3 class=\"elementor-icon-box-title\">\n\t\t\t\t\t\t<span  >\n\t\t\t\t\t\t\tINNOVATION\t\t\t\t\t\t<\/span>\n\t\t\t\t\t<\/h3>\n\t\t\t\t\n\t\t\t\t\t\t\t\t\t<p class=\"elementor-icon-box-description\">\n\t\t\t\t\t\tL\u2019innovation et la digitalisation sont toujours au coeur de notre p\u00e9dagogie.\t\t\t\t\t<\/p>\n\t\t\t\t\n\t\t\t<\/div>\n\t\t\t\n\t\t<\/div>\n\t\t\t\t\t\t<\/div>\n\t\t\t\t<\/div>\n\t\t\t\t\t<\/div>\n\t\t\t\t<\/div>\n\t\t\t\t<\/div>\n\t\t","protected":false},"excerpt":{"rendered":"<p>\u00a0 La formation Full Stack Infrastructure \u00a0propos\u00e9e par MSIT est un programme professionnel intensif con\u00e7u pour former de v\u00e9ritables ing\u00e9nieurs<\/p>\n","protected":false},"author":1,"featured_media":0,"parent":0,"menu_order":0,"comment_status":"closed","ping_status":"closed","template":"","meta":{"footnotes":""},"class_list":["post-29637","page","type-page","status-publish","hentry"],"_links":{"self":[{"href":"https:\/\/msit.ma\/index.php\/wp-json\/wp\/v2\/pages\/29637","targetHints":{"allow":["GET"]}}],"collection":[{"href":"https:\/\/msit.ma\/index.php\/wp-json\/wp\/v2\/pages"}],"about":[{"href":"https:\/\/msit.ma\/index.php\/wp-json\/wp\/v2\/types\/page"}],"author":[{"embeddable":true,"href":"https:\/\/msit.ma\/index.php\/wp-json\/wp\/v2\/users\/1"}],"replies":[{"embeddable":true,"href":"https:\/\/msit.ma\/index.php\/wp-json\/wp\/v2\/comments?post=29637"}],"version-history":[{"count":9,"href":"https:\/\/msit.ma\/index.php\/wp-json\/wp\/v2\/pages\/29637\/revisions"}],"predecessor-version":[{"id":29704,"href":"https:\/\/msit.ma\/index.php\/wp-json\/wp\/v2\/pages\/29637\/revisions\/29704"}],"wp:attachment":[{"href":"https:\/\/msit.ma\/index.php\/wp-json\/wp\/v2\/media?parent=29637"}],"curies":[{"name":"wp","href":"https:\/\/api.w.org\/{rel}","templated":true}]}}