{"id":29610,"date":"2026-02-24T19:55:22","date_gmt":"2026-02-24T19:55:22","guid":{"rendered":"https:\/\/msit.ma\/wordpress\/?page_id=29610"},"modified":"2026-03-05T10:53:00","modified_gmt":"2026-03-05T10:53:00","slug":"services","status":"publish","type":"page","link":"https:\/\/msit.ma\/index.php\/services\/","title":{"rendered":"Services"},"content":{"rendered":"\t\t<div data-elementor-type=\"wp-page\" data-elementor-id=\"29610\" class=\"elementor elementor-29610\" data-elementor-post-type=\"page\">\n\t\t\t\t<div class=\"wd-negative-gap elementor-element elementor-element-9b0a3c7 e-flex e-con-boxed e-con e-parent\" data-id=\"9b0a3c7\" data-element_type=\"container\">\n\t\t\t\t\t<div class=\"e-con-inner\">\n\t\t<div class=\"elementor-element elementor-element-d7cc41d e-con-full e-flex e-con e-child\" data-id=\"d7cc41d\" data-element_type=\"container\">\n\t\t<div class=\"elementor-element elementor-element-8bfc7fa e-con-full e-flex e-con e-child\" data-id=\"8bfc7fa\" data-element_type=\"container\">\n\t\t<div class=\"elementor-element elementor-element-4c032d1 e-con-full e-flex e-con e-child\" data-id=\"4c032d1\" data-element_type=\"container\">\n\t\t\t\t<div class=\"elementor-element elementor-element-619f642 elementor-widget elementor-widget-heading\" data-id=\"619f642\" data-element_type=\"widget\" data-widget_type=\"heading.default\">\n\t\t\t\t\t<h2 class=\"elementor-heading-title elementor-size-default\">MSIT \u2013 Services Informatiques &amp; Infog\u00e9rance pour PME\n\n<\/h2>\t\t\t\t<\/div>\n\t\t\t\t<\/div>\n\t\t\t\t<\/div>\n\t\t\t\t<\/div>\n\t\t<div class=\"elementor-element elementor-element-fd18806 e-con-full e-flex e-con e-child\" data-id=\"fd18806\" data-element_type=\"container\">\n\t\t<div class=\"elementor-element elementor-element-e12049c e-con-full e-flex e-con e-child\" data-id=\"e12049c\" data-element_type=\"container\">\n\t\t<div class=\"elementor-element elementor-element-28092f8 e-con-full e-flex e-con e-child\" data-id=\"28092f8\" data-element_type=\"container\">\n\t\t\t\t<div class=\"elementor-element elementor-element-a927ea0 color-scheme-inherit text-left elementor-widget elementor-widget-text-editor\" data-id=\"a927ea0\" data-element_type=\"widget\" data-widget_type=\"text-editor.default\">\n\t\t\t\t\t\t\t\t\t<p>MSIT est un fournisseur de services informatiques pour PME, sp\u00e9cialis\u00e9 en infog\u00e9rance, cybers\u00e9curit\u00e9 et infrastructure IT.<\/p><p>Nous accompagnons les petites et moyennes entreprises dans la gestion, la s\u00e9curisation et l\u2019optimisation de leur syst\u00e8me d\u2019information, en alignant la technologie sur leurs objectifs strat\u00e9giques et op\u00e9rationnels.<\/p><p>Notre approche repose sur un partenariat durable, une expertise certifi\u00e9e et des solutions technologiques performantes, adapt\u00e9es \u00e0 votre croissance.<\/p><p>Infog\u00e9rance &amp; Gestion de Services IT<\/p>\t\t\t\t\t\t\t\t<\/div>\n\t\t\t\t<\/div>\n\t\t\t\t<\/div>\n\t\t<div class=\"elementor-element elementor-element-fc60bfc e-con-full e-flex e-con e-child\" data-id=\"fc60bfc\" data-element_type=\"container\">\n\t\t\t\t<div class=\"elementor-element elementor-element-94c3758 elementor-widget elementor-widget-image\" data-id=\"94c3758\" data-element_type=\"widget\" data-widget_type=\"image.default\">\n\t\t\t\t\t\t\t\t\t\t\t\t<figure class=\"wp-caption\">\n\t\t\t\t\t\t\t\t\t\t<img loading=\"lazy\" decoding=\"async\" width=\"2560\" height=\"1440\" src=\"https:\/\/msit.ma\/wp-content\/uploads\/2026\/02\/programmer-requesting-help-from-manager-while-working-computer-data-center-scaled.jpg\" class=\"attachment-full size-full wp-image-29580\" alt=\"\" srcset=\"https:\/\/msit.ma\/wp-content\/uploads\/2026\/02\/programmer-requesting-help-from-manager-while-working-computer-data-center-scaled.jpg 2560w, https:\/\/msit.ma\/wp-content\/uploads\/2026\/02\/programmer-requesting-help-from-manager-while-working-computer-data-center-400x225.jpg 400w, https:\/\/msit.ma\/wp-content\/uploads\/2026\/02\/programmer-requesting-help-from-manager-while-working-computer-data-center-1300x731.jpg 1300w, https:\/\/msit.ma\/wp-content\/uploads\/2026\/02\/programmer-requesting-help-from-manager-while-working-computer-data-center-768x432.jpg 768w, https:\/\/msit.ma\/wp-content\/uploads\/2026\/02\/programmer-requesting-help-from-manager-while-working-computer-data-center-1536x864.jpg 1536w, https:\/\/msit.ma\/wp-content\/uploads\/2026\/02\/programmer-requesting-help-from-manager-while-working-computer-data-center-2048x1152.jpg 2048w\" sizes=\"auto, (max-width: 2560px) 100vw, 2560px\" \/>\t\t\t\t\t\t\t\t\t\t\t<figcaption class=\"widget-image-caption wp-caption-text\"><\/figcaption>\n\t\t\t\t\t\t\t\t\t\t<\/figure>\n\t\t\t\t\t\t\t\t\t<\/div>\n\t\t\t\t<\/div>\n\t\t\t\t<\/div>\n\t\t\t\t\t<\/div>\n\t\t\t\t<\/div>\n\t\t<div class=\"wd-negative-gap elementor-element elementor-element-d2b7236 e-flex e-con-boxed e-con e-parent\" data-id=\"d2b7236\" data-element_type=\"container\">\n\t\t\t\t\t<div class=\"e-con-inner\">\n\t\t<div class=\"elementor-element elementor-element-49a1bfe e-con-full e-flex e-con e-child\" data-id=\"49a1bfe\" data-element_type=\"container\">\n\t\t\t\t<div class=\"elementor-element elementor-element-b66d7e1 elementor-position-inline-start elementor-view-default elementor-mobile-position-block-start elementor-widget elementor-widget-icon-box\" data-id=\"b66d7e1\" data-element_type=\"widget\" data-widget_type=\"icon-box.default\">\n\t\t\t\t\t\t\t<div class=\"elementor-icon-box-wrapper\">\n\n\t\t\t\t\t\t<div class=\"elementor-icon-box-icon\">\n\t\t\t\t<span  class=\"elementor-icon\">\n\t\t\t\t<i aria-hidden=\"true\" class=\"icon icon-information\"><\/i>\t\t\t\t<\/span>\n\t\t\t<\/div>\n\t\t\t\n\t\t\t\t\t\t<div class=\"elementor-icon-box-content\">\n\n\t\t\t\t\t\t\t\t\t<h3 class=\"elementor-icon-box-title\">\n\t\t\t\t\t\t<span  >\n\t\t\t\t\t\t\tInfog\u00e9rance compl\u00e8te\t\t\t\t\t\t<\/span>\n\t\t\t\t\t<\/h3>\n\t\t\t\t\n\t\t\t\t\n\t\t\t<\/div>\n\t\t\t\n\t\t<\/div>\n\t\t\t\t\t\t<\/div>\n\t\t\t\t<div class=\"elementor-element elementor-element-5b0cdbd color-scheme-inherit text-left elementor-widget elementor-widget-text-editor\" data-id=\"5b0cdbd\" data-element_type=\"widget\" data-widget_type=\"text-editor.default\">\n\t\t\t\t\t\t\t\t\t<ul class=\"list-show\"><li class=\"list-show-li\">Externalisation totale de votre syst\u00e8me informatique : gestion des serveurs, r\u00e9seau, s\u00e9curit\u00e9 et support utilisateurs.<br \/>Confiez-nous votre IT et concentrez-vous sur votre c\u0153ur de m\u00e9tier.<\/li><\/ul>\t\t\t\t\t\t\t\t<\/div>\n\t\t\t\t<\/div>\n\t\t<div class=\"elementor-element elementor-element-4c66e5a e-con-full e-flex e-con e-child\" data-id=\"4c66e5a\" data-element_type=\"container\">\n\t\t\t\t<div class=\"elementor-element elementor-element-83a6233 elementor-position-inline-start elementor-view-default elementor-mobile-position-block-start elementor-widget elementor-widget-icon-box\" data-id=\"83a6233\" data-element_type=\"widget\" data-widget_type=\"icon-box.default\">\n\t\t\t\t\t\t\t<div class=\"elementor-icon-box-wrapper\">\n\n\t\t\t\t\t\t<div class=\"elementor-icon-box-icon\">\n\t\t\t\t<span  class=\"elementor-icon\">\n\t\t\t\t<i aria-hidden=\"true\" class=\"icon icon-customer-support\"><\/i>\t\t\t\t<\/span>\n\t\t\t<\/div>\n\t\t\t\n\t\t\t\t\t\t<div class=\"elementor-icon-box-content\">\n\n\t\t\t\t\t\t\t\t\t<h3 class=\"elementor-icon-box-title\">\n\t\t\t\t\t\t<span  >\n\t\t\t\t\t\t\tSupport informatique &amp; assistance \u00e0 distance\t\t\t\t\t\t<\/span>\n\t\t\t\t\t<\/h3>\n\t\t\t\t\n\t\t\t\t\n\t\t\t<\/div>\n\t\t\t\n\t\t<\/div>\n\t\t\t\t\t\t<\/div>\n\t\t\t\t<div class=\"elementor-element elementor-element-3d6f291 color-scheme-inherit text-left elementor-widget elementor-widget-text-editor\" data-id=\"3d6f291\" data-element_type=\"widget\" data-widget_type=\"text-editor.default\">\n\t\t\t\t\t\t\t\t\t<div class=\"icon-card\"><ul class=\"list-show\"><li class=\"list-show-li\">Service de support technique r\u00e9actif pour vos collaborateurs.<br \/>Plus de 80 % des incidents logiciels sont r\u00e9solus \u00e0 distance, garantissant rapidit\u00e9 et r\u00e9duction des co\u00fbts<\/li><\/ul><\/div>\t\t\t\t\t\t\t\t<\/div>\n\t\t\t\t<\/div>\n\t\t\t\t\t<\/div>\n\t\t\t\t<\/div>\n\t\t<div class=\"wd-negative-gap elementor-element elementor-element-d387f39 e-flex e-con-boxed e-con e-parent\" data-id=\"d387f39\" data-element_type=\"container\">\n\t\t\t\t\t<div class=\"e-con-inner\">\n\t\t\t\t<div class=\"elementor-element elementor-element-4337836 elementor-view-default elementor-position-block-start elementor-mobile-position-block-start elementor-widget elementor-widget-icon-box\" data-id=\"4337836\" data-element_type=\"widget\" data-widget_type=\"icon-box.default\">\n\t\t\t\t\t\t\t<div class=\"elementor-icon-box-wrapper\">\n\n\t\t\t\t\t\t<div class=\"elementor-icon-box-icon\">\n\t\t\t\t<span  class=\"elementor-icon\">\n\t\t\t\t<svg aria-hidden=\"true\" class=\"e-font-icon-svg e-fas-user-alt\" viewBox=\"0 0 512 512\" xmlns=\"http:\/\/www.w3.org\/2000\/svg\"><path d=\"M256 288c79.5 0 144-64.5 144-144S335.5 0 256 0 112 64.5 112 144s64.5 144 144 144zm128 32h-55.1c-22.2 10.2-46.9 16-72.9 16s-50.6-5.8-72.9-16H128C57.3 320 0 377.3 0 448v16c0 26.5 21.5 48 48 48h416c26.5 0 48-21.5 48-48v-16c0-70.7-57.3-128-128-128z\"><\/path><\/svg>\t\t\t\t<\/span>\n\t\t\t<\/div>\n\t\t\t\n\t\t\t\t\t\t<div class=\"elementor-icon-box-content\">\n\n\t\t\t\t\t\t\t\t\t<h3 class=\"elementor-icon-box-title\">\n\t\t\t\t\t\t<span  >\n\t\t\t\t\t\t\tAdministration serveurs &amp; r\u00e9seau\t\t\t\t\t\t<\/span>\n\t\t\t\t\t<\/h3>\n\t\t\t\t\n\t\t\t\t\n\t\t\t<\/div>\n\t\t\t\n\t\t<\/div>\n\t\t\t\t\t\t<\/div>\n\t\t\t\t\t<\/div>\n\t\t\t\t<\/div>\n\t\t\t\t<\/div>\n\t\t","protected":false},"excerpt":{"rendered":"<p>MSIT \u2013 Services Informatiques &amp; Infog\u00e9rance pour PME MSIT est un fournisseur de services informatiques pour PME, sp\u00e9cialis\u00e9 en infog\u00e9rance,<\/p>\n","protected":false},"author":1,"featured_media":0,"parent":0,"menu_order":0,"comment_status":"closed","ping_status":"closed","template":"","meta":{"footnotes":""},"class_list":["post-29610","page","type-page","status-publish","hentry"],"_links":{"self":[{"href":"https:\/\/msit.ma\/index.php\/wp-json\/wp\/v2\/pages\/29610","targetHints":{"allow":["GET"]}}],"collection":[{"href":"https:\/\/msit.ma\/index.php\/wp-json\/wp\/v2\/pages"}],"about":[{"href":"https:\/\/msit.ma\/index.php\/wp-json\/wp\/v2\/types\/page"}],"author":[{"embeddable":true,"href":"https:\/\/msit.ma\/index.php\/wp-json\/wp\/v2\/users\/1"}],"replies":[{"embeddable":true,"href":"https:\/\/msit.ma\/index.php\/wp-json\/wp\/v2\/comments?post=29610"}],"version-history":[{"count":28,"href":"https:\/\/msit.ma\/index.php\/wp-json\/wp\/v2\/pages\/29610\/revisions"}],"predecessor-version":[{"id":29752,"href":"https:\/\/msit.ma\/index.php\/wp-json\/wp\/v2\/pages\/29610\/revisions\/29752"}],"wp:attachment":[{"href":"https:\/\/msit.ma\/index.php\/wp-json\/wp\/v2\/media?parent=29610"}],"curies":[{"name":"wp","href":"https:\/\/api.w.org\/{rel}","templated":true}]}}