{"id":29470,"date":"2026-02-15T21:40:45","date_gmt":"2026-02-15T21:40:45","guid":{"rendered":"https:\/\/msit.ma\/wordpress\/?page_id=29470"},"modified":"2026-03-06T15:04:27","modified_gmt":"2026-03-06T15:04:27","slug":"ingenierie-reseaux-systeme-et-securite","status":"publish","type":"page","link":"https:\/\/msit.ma\/index.php\/ingenierie-reseaux-systeme-et-securite\/","title":{"rendered":"Ing\u00e9nierie R\u00e9seaux Syst\u00e8me et S\u00e9curit\u00e9"},"content":{"rendered":"\t\t<div data-elementor-type=\"wp-page\" data-elementor-id=\"29470\" class=\"elementor elementor-29470\" data-elementor-post-type=\"page\">\n\t\t\t\t<div class=\"wd-negative-gap elementor-element elementor-element-4a54166 e-flex e-con-boxed e-con e-parent\" data-id=\"4a54166\" data-element_type=\"container\">\n\t\t\t\t\t<div class=\"e-con-inner\">\n\t\t<div class=\"elementor-element elementor-element-3fc9432 e-con-full e-flex e-con e-child\" data-id=\"3fc9432\" data-element_type=\"container\">\n\t\t<div class=\"elementor-element elementor-element-bfc1b46 e-con-full e-flex e-con e-child\" data-id=\"bfc1b46\" data-element_type=\"container\">\n\t\t\t\t<div class=\"elementor-element elementor-element-7eec667 color-scheme-inherit text-left elementor-widget elementor-widget-text-editor\" data-id=\"7eec667\" data-element_type=\"widget\" data-widget_type=\"text-editor.default\">\n\t\t\t\t\t\t\t\t\t<p data-start=\"215\" data-end=\"379\">Ce <strong data-start=\"218\" data-end=\"242\">Master professionnel<\/strong> forme des experts capables de concevoir, d\u00e9ployer et administrer des infrastructures informatiques modernes, s\u00e9curis\u00e9es et performantes.<\/p><p data-start=\"381\" data-end=\"576\">La formation couvre les domaines essentiels des <strong data-start=\"429\" data-end=\"500\">r\u00e9seaux, syst\u00e8mes, cybers\u00e9curit\u00e9, virtualisation et cloud computing<\/strong>, avec une approche bas\u00e9e sur la <strong data-start=\"533\" data-end=\"575\">pratique et des cas r\u00e9els d\u2019entreprise<\/strong>.<\/p>\t\t\t\t\t\t\t\t<\/div>\n\t\t\t\t<\/div>\n\t\t\t\t<\/div>\n\t\t<div class=\"elementor-element elementor-element-69421e1 e-con-full e-flex e-con e-child\" data-id=\"69421e1\" data-element_type=\"container\">\n\t\t\t\t<div class=\"elementor-element elementor-element-da9ffc2 elementor-widget elementor-widget-image\" data-id=\"da9ffc2\" data-element_type=\"widget\" data-widget_type=\"image.default\">\n\t\t\t\t\t\t\t\t\t\t\t\t\t\t\t<img loading=\"lazy\" decoding=\"async\" width=\"400\" height=\"280\" src=\"https:\/\/msit.ma\/wp-content\/uploads\/2026\/01\/msit-02-1-400x280.png\" class=\"attachment-medium size-medium wp-image-29113\" alt=\"\" srcset=\"https:\/\/msit.ma\/wp-content\/uploads\/2026\/01\/msit-02-1-400x280.png 400w, https:\/\/msit.ma\/wp-content\/uploads\/2026\/01\/msit-02-1-1142x800.png 1142w, https:\/\/msit.ma\/wp-content\/uploads\/2026\/01\/msit-02-1-768x538.png 768w, https:\/\/msit.ma\/wp-content\/uploads\/2026\/01\/msit-02-1-1536x1076.png 1536w, https:\/\/msit.ma\/wp-content\/uploads\/2026\/01\/msit-02-1-430x301.png 430w, https:\/\/msit.ma\/wp-content\/uploads\/2026\/01\/msit-02-1-700x490.png 700w, https:\/\/msit.ma\/wp-content\/uploads\/2026\/01\/msit-02-1-150x105.png 150w, https:\/\/msit.ma\/wp-content\/uploads\/2026\/01\/msit-02-1.png 1784w\" sizes=\"auto, (max-width: 400px) 100vw, 400px\" \/>\t\t\t\t\t\t\t\t\t\t\t\t\t\t\t<\/div>\n\t\t\t\t<\/div>\n\t\t\t\t\t<\/div>\n\t\t\t\t<\/div>\n\t\t<div class=\"wd-negative-gap elementor-element elementor-element-8aca8d6 e-flex e-con-boxed e-con e-parent\" data-id=\"8aca8d6\" data-element_type=\"container\">\n\t\t\t\t\t<div class=\"e-con-inner\">\n\t\t<div class=\"elementor-element elementor-element-a13cbf9 e-con-full e-flex e-con e-child\" data-id=\"a13cbf9\" data-element_type=\"container\">\n\t\t\t\t<div class=\"elementor-element elementor-element-55fe3a7 elementor-view-default elementor-position-block-start elementor-mobile-position-block-start elementor-widget elementor-widget-icon-box\" data-id=\"55fe3a7\" data-element_type=\"widget\" data-widget_type=\"icon-box.default\">\n\t\t\t\t\t\t\t<div class=\"elementor-icon-box-wrapper\">\n\n\t\t\t\t\t\t<div class=\"elementor-icon-box-icon\">\n\t\t\t\t<span  class=\"elementor-icon\">\n\t\t\t\t<i aria-hidden=\"true\" class=\"icon icon-license\"><\/i>\t\t\t\t<\/span>\n\t\t\t<\/div>\n\t\t\t\n\t\t\t\t\t\t<div class=\"elementor-icon-box-content\">\n\n\t\t\t\t\t\t\t\t\t<h3 class=\"elementor-icon-box-title\">\n\t\t\t\t\t\t<span  >\n\t\t\t\t\t\t\tModules\t\t\t\t\t\t<\/span>\n\t\t\t\t\t<\/h3>\n\t\t\t\t\n\t\t\t\t\n\t\t\t<\/div>\n\t\t\t\n\t\t<\/div>\n\t\t\t\t\t\t<\/div>\n\t\t\t\t<div class=\"elementor-element elementor-element-f616c07 color-scheme-inherit text-left elementor-widget elementor-widget-text-editor\" data-id=\"f616c07\" data-element_type=\"widget\" data-widget_type=\"text-editor.default\">\n\t\t\t\t\t\t\t\t\t<ul class=\"list-show\"><li class=\"list-show-li\">Administration avanc\u00e9e des routeurs et des switches (CCNP)<\/li><li class=\"list-show-li\">Administration avanc\u00e9e des serveurs &#8211; Windows Hybrid &amp; Office 365<\/li><li class=\"list-show-li\">Administration avanc\u00e9e des serveurs &#8211; Linux (RHCE)<\/li><li class=\"list-show-li\">Virtualisation des serveurs (VCP &amp; NCP &#8211; DCV)<\/li><li class=\"list-show-li\">Cloud Computing (AZ 104 &amp; AWS)<\/li><li class=\"list-show-li\">Administration avanc\u00e9e des firewalls (FORTIGATE &amp; PALO ALTO)<\/li><li class=\"list-show-li\">Backup et r\u00e9plication des donn\u00e9es (ADVANCED VEEAM BACKUP)<\/li><li class=\"list-show-li\">Supervision des architectures IT (Monitoring)<\/li><li class=\"list-show-li\">Analyses des donn\u00e9es (Power BI)<\/li><li class=\"list-show-li\">Audit et conformit\u00e9 en IT.<\/li><li class=\"list-show-li\">Offre : IA .<\/li><li class=\"list-show-li\">Projet de fin d&rsquo;\u00e9tude (PFE).<\/li><\/ul>\t\t\t\t\t\t\t\t<\/div>\n\t\t\t\t<\/div>\n\t\t<div class=\"elementor-element elementor-element-dae6e87 e-con-full e-flex e-con e-child\" data-id=\"dae6e87\" data-element_type=\"container\">\n\t\t\t\t<div class=\"elementor-element elementor-element-358c02a elementor-view-default elementor-position-block-start elementor-mobile-position-block-start elementor-widget elementor-widget-icon-box\" data-id=\"358c02a\" data-element_type=\"widget\" data-widget_type=\"icon-box.default\">\n\t\t\t\t\t\t\t<div class=\"elementor-icon-box-wrapper\">\n\n\t\t\t\t\t\t<div class=\"elementor-icon-box-icon\">\n\t\t\t\t<span  class=\"elementor-icon\">\n\t\t\t\t<i aria-hidden=\"true\" class=\"icon icon-dart-board\"><\/i>\t\t\t\t<\/span>\n\t\t\t<\/div>\n\t\t\t\n\t\t\t\t\t\t<div class=\"elementor-icon-box-content\">\n\n\t\t\t\t\t\t\t\t\t<h3 class=\"elementor-icon-box-title\">\n\t\t\t\t\t\t<span  >\n\t\t\t\t\t\t\tObjectifs de la formation\t\t\t\t\t\t<\/span>\n\t\t\t\t\t<\/h3>\n\t\t\t\t\n\t\t\t\t\n\t\t\t<\/div>\n\t\t\t\n\t\t<\/div>\n\t\t\t\t\t\t<\/div>\n\t\t\t\t<div class=\"elementor-element elementor-element-33c0778 color-scheme-inherit text-left elementor-widget elementor-widget-text-editor\" data-id=\"33c0778\" data-element_type=\"widget\" data-widget_type=\"text-editor.default\">\n\t\t\t\t\t\t\t\t\t<ul class=\"list-show\">Les laur\u00e9ats de cette formation sont susceptibles d\u2019\u00eatre recrut\u00e9s comme:<li class=\"list-show-li\">Expert infrastructures<\/li><li class=\"list-show-li\">Expert s\u00e9curit\u00e9 informatique<\/li><li class=\"list-show-li\">Ing\u00e9nieur R\u00e9seau, Syst\u00e8me et s\u00e9curit\u00e9 informatique<\/li><\/ul>\t\t\t\t\t\t\t\t<\/div>\n\t\t\t\t<\/div>\n\t\t<div class=\"elementor-element elementor-element-6770daa e-con-full e-flex e-con e-child\" data-id=\"6770daa\" data-element_type=\"container\">\n\t\t\t\t<div class=\"elementor-element elementor-element-67f38f1 elementor-view-default elementor-position-block-start elementor-mobile-position-block-start elementor-widget elementor-widget-icon-box\" data-id=\"67f38f1\" data-element_type=\"widget\" data-widget_type=\"icon-box.default\">\n\t\t\t\t\t\t\t<div class=\"elementor-icon-box-wrapper\">\n\n\t\t\t\t\t\t<div class=\"elementor-icon-box-icon\">\n\t\t\t\t<span  class=\"elementor-icon\">\n\t\t\t\t<i aria-hidden=\"true\" class=\"icon icon-clipboard11\"><\/i>\t\t\t\t<\/span>\n\t\t\t<\/div>\n\t\t\t\n\t\t\t\t\t\t<div class=\"elementor-icon-box-content\">\n\n\t\t\t\t\t\t\t\t\t<h3 class=\"elementor-icon-box-title\">\n\t\t\t\t\t\t<span  >\n\t\t\t\t\t\t\tExamens &amp; Validation\t\t\t\t\t\t<\/span>\n\t\t\t\t\t<\/h3>\n\t\t\t\t\n\t\t\t\t\n\t\t\t<\/div>\n\t\t\t\n\t\t<\/div>\n\t\t\t\t\t\t<\/div>\n\t\t\t\t<div class=\"elementor-element elementor-element-0af6f20 color-scheme-inherit text-left elementor-widget elementor-widget-text-editor\" data-id=\"0af6f20\" data-element_type=\"widget\" data-widget_type=\"text-editor.default\">\n\t\t\t\t\t\t\t\t\t<ul class=\"list-show\"><li class=\"list-show-li\">Examens de fin des modules (A la fin de chaque module).<\/li><li class=\"list-show-li\">Examens de fin de formation (Apr\u00e8s le 05 Septembre).<\/li><li class=\"list-show-li\">Soutenance (Avant le 30 Aout).<\/li><\/ul>\t\t\t\t\t\t\t\t<\/div>\n\t\t\t\t<\/div>\n\t\t\t\t\t<\/div>\n\t\t\t\t<\/div>\n\t\t<div class=\"wd-negative-gap elementor-element elementor-element-9fabf15 e-flex e-con-boxed e-con e-parent\" data-id=\"9fabf15\" data-element_type=\"container\">\n\t\t\t\t\t<div class=\"e-con-inner\">\n\t\t<div class=\"elementor-element elementor-element-6cfcf37 e-con-full e-flex e-con e-child\" data-id=\"6cfcf37\" data-element_type=\"container\">\n\t\t\t\t<div class=\"elementor-element elementor-element-aafad43 elementor-view-default elementor-position-block-start elementor-mobile-position-block-start elementor-widget elementor-widget-icon-box\" data-id=\"aafad43\" data-element_type=\"widget\" data-widget_type=\"icon-box.default\">\n\t\t\t\t\t\t\t<div class=\"elementor-icon-box-wrapper\">\n\n\t\t\t\t\t\t<div class=\"elementor-icon-box-icon\">\n\t\t\t\t<span  class=\"elementor-icon\">\n\t\t\t\t<i aria-hidden=\"true\" class=\"icon icon-clock2\"><\/i>\t\t\t\t<\/span>\n\t\t\t<\/div>\n\t\t\t\n\t\t\t\t\t\t<div class=\"elementor-icon-box-content\">\n\n\t\t\t\t\t\t\t\t\t<h3 class=\"elementor-icon-box-title\">\n\t\t\t\t\t\t<span  >\n\t\t\t\t\t\t\tDur\u00e9e de la formation\t\t\t\t\t\t<\/span>\n\t\t\t\t\t<\/h3>\n\t\t\t\t\n\t\t\t\t\n\t\t\t<\/div>\n\t\t\t\n\t\t<\/div>\n\t\t\t\t\t\t<\/div>\n\t\t\t\t<div class=\"elementor-element elementor-element-86b6291 color-scheme-inherit text-left elementor-widget elementor-widget-text-editor\" data-id=\"86b6291\" data-element_type=\"widget\" data-widget_type=\"text-editor.default\">\n\t\t\t\t\t\t\t\t\t<div class=\"icon-card\"><ul class=\"list-show\"><li class=\"list-show-li\">4 Semestres (du 01 Octobre \u00e0 30 Septembre).<\/li><li class=\"list-show-li\">Horaires : 9 \u00e0 16 heures par semaine sont divis\u00e9es selon l\u2019emploi du temps partag\u00e9 d\u00e8s le d\u00e9but de chaque mois.<\/li><\/ul><\/div><div class=\"icon-card\"><div class=\"icon-circle\">\u00a0<\/div><\/div>\t\t\t\t\t\t\t\t<\/div>\n\t\t\t\t<\/div>\n\t\t<div class=\"elementor-element elementor-element-7b82cd4 e-con-full e-flex e-con e-child\" data-id=\"7b82cd4\" data-element_type=\"container\">\n\t\t\t\t<div class=\"elementor-element elementor-element-c585d85 elementor-view-default elementor-position-block-start elementor-mobile-position-block-start elementor-widget elementor-widget-icon-box\" data-id=\"c585d85\" data-element_type=\"widget\" data-widget_type=\"icon-box.default\">\n\t\t\t\t\t\t\t<div class=\"elementor-icon-box-wrapper\">\n\n\t\t\t\t\t\t<div class=\"elementor-icon-box-icon\">\n\t\t\t\t<span  class=\"elementor-icon\">\n\t\t\t\t<i aria-hidden=\"true\" class=\"icon icon-diploma\"><\/i>\t\t\t\t<\/span>\n\t\t\t<\/div>\n\t\t\t\n\t\t\t\t\t\t<div class=\"elementor-icon-box-content\">\n\n\t\t\t\t\t\t\t\t\t<h3 class=\"elementor-icon-box-title\">\n\t\t\t\t\t\t<span  >\n\t\t\t\t\t\t\tPublic cible\t\t\t\t\t\t<\/span>\n\t\t\t\t\t<\/h3>\n\t\t\t\t\n\t\t\t\t\n\t\t\t<\/div>\n\t\t\t\n\t\t<\/div>\n\t\t\t\t\t\t<\/div>\n\t\t\t\t<div class=\"elementor-element elementor-element-c80abf0 color-scheme-inherit text-left elementor-widget elementor-widget-text-editor\" data-id=\"c80abf0\" data-element_type=\"widget\" data-widget_type=\"text-editor.default\">\n\t\t\t\t\t\t\t\t\t<ul class=\"list-show\"><li>Bac+3 en Informatique ou \u00e9quivalent.<\/li><\/ul>\t\t\t\t\t\t\t\t<\/div>\n\t\t\t\t<\/div>\n\t\t<div class=\"elementor-element elementor-element-6cd5922 e-con-full e-flex e-con e-child\" data-id=\"6cd5922\" data-element_type=\"container\">\n\t\t\t\t<div class=\"elementor-element elementor-element-e96d288 elementor-view-default elementor-position-block-start elementor-mobile-position-block-start elementor-widget elementor-widget-icon-box\" data-id=\"e96d288\" data-element_type=\"widget\" data-widget_type=\"icon-box.default\">\n\t\t\t\t\t\t\t<div class=\"elementor-icon-box-wrapper\">\n\n\t\t\t\t\t\t<div class=\"elementor-icon-box-icon\">\n\t\t\t\t<span  class=\"elementor-icon\">\n\t\t\t\t<i aria-hidden=\"true\" class=\"icon icon-Document-Search\"><\/i>\t\t\t\t<\/span>\n\t\t\t<\/div>\n\t\t\t\n\t\t\t\t\t\t<div class=\"elementor-icon-box-content\">\n\n\t\t\t\t\t\t\t\t\t<h3 class=\"elementor-icon-box-title\">\n\t\t\t\t\t\t<span  >\n\t\t\t\t\t\t\tM\u00e9thodologie\t\t\t\t\t\t<\/span>\n\t\t\t\t\t<\/h3>\n\t\t\t\t\n\t\t\t\t\n\t\t\t<\/div>\n\t\t\t\n\t\t<\/div>\n\t\t\t\t\t\t<\/div>\n\t\t\t\t<div class=\"elementor-element elementor-element-baf9b68 color-scheme-inherit text-left elementor-widget elementor-widget-text-editor\" data-id=\"baf9b68\" data-element_type=\"widget\" data-widget_type=\"text-editor.default\">\n\t\t\t\t\t\t\t\t\t<ul class=\"list-show\"><li class=\"list-show-li\">50 % th\u00e9orique (Livre Officiel)<\/li><li class=\"list-show-li\">50% pratique (Sur un vrai mat\u00e9riel)<\/li><\/ul>\t\t\t\t\t\t\t\t<\/div>\n\t\t\t\t<\/div>\n\t\t\t\t\t<\/div>\n\t\t\t\t<\/div>\n\t\t\t\t<\/div>\n\t\t","protected":false},"excerpt":{"rendered":"<p>Ce Master professionnel forme des experts capables de concevoir, d\u00e9ployer et administrer des infrastructures informatiques modernes, s\u00e9curis\u00e9es et performantes. La<\/p>\n","protected":false},"author":1,"featured_media":0,"parent":0,"menu_order":0,"comment_status":"closed","ping_status":"closed","template":"","meta":{"footnotes":""},"class_list":["post-29470","page","type-page","status-publish","hentry"],"_links":{"self":[{"href":"https:\/\/msit.ma\/index.php\/wp-json\/wp\/v2\/pages\/29470","targetHints":{"allow":["GET"]}}],"collection":[{"href":"https:\/\/msit.ma\/index.php\/wp-json\/wp\/v2\/pages"}],"about":[{"href":"https:\/\/msit.ma\/index.php\/wp-json\/wp\/v2\/types\/page"}],"author":[{"embeddable":true,"href":"https:\/\/msit.ma\/index.php\/wp-json\/wp\/v2\/users\/1"}],"replies":[{"embeddable":true,"href":"https:\/\/msit.ma\/index.php\/wp-json\/wp\/v2\/comments?post=29470"}],"version-history":[{"count":13,"href":"https:\/\/msit.ma\/index.php\/wp-json\/wp\/v2\/pages\/29470\/revisions"}],"predecessor-version":[{"id":29790,"href":"https:\/\/msit.ma\/index.php\/wp-json\/wp\/v2\/pages\/29470\/revisions\/29790"}],"wp:attachment":[{"href":"https:\/\/msit.ma\/index.php\/wp-json\/wp\/v2\/media?parent=29470"}],"curies":[{"name":"wp","href":"https:\/\/api.w.org\/{rel}","templated":true}]}}