{"id":29338,"date":"2026-02-03T02:11:22","date_gmt":"2026-02-03T02:11:22","guid":{"rendered":"https:\/\/msit.ma\/wordpress\/?page_id=29338"},"modified":"2026-02-03T02:19:31","modified_gmt":"2026-02-03T02:19:31","slug":"masters-en-informatique","status":"publish","type":"page","link":"https:\/\/msit.ma\/index.php\/masters-en-informatique\/","title":{"rendered":"masters en informatique"},"content":{"rendered":"\t\t<div data-elementor-type=\"wp-page\" data-elementor-id=\"29338\" class=\"elementor elementor-29338\" data-elementor-post-type=\"page\">\n\t\t\t\t<div class=\"wd-negative-gap elementor-element elementor-element-4c86f8c e-flex e-con-boxed e-con e-parent\" data-id=\"4c86f8c\" data-element_type=\"container\">\n\t\t\t\t\t<div class=\"e-con-inner\">\n\t\t<div class=\"elementor-element elementor-element-dea9d3d e-con-full e-flex e-con e-child\" data-id=\"dea9d3d\" data-element_type=\"container\">\n\t\t<div class=\"elementor-element elementor-element-cefba8f e-con-full e-flex e-con e-child\" data-id=\"cefba8f\" data-element_type=\"container\">\n\t\t<div class=\"elementor-element elementor-element-eda05a0 e-con-full e-flex e-con e-child\" data-id=\"eda05a0\" data-element_type=\"container\">\n\t\t<div class=\"elementor-element elementor-element-eadd83b e-con-full e-flex e-con e-child\" data-id=\"eadd83b\" data-element_type=\"container\">\n\t\t<div class=\"elementor-element elementor-element-ed5ec9e e-con-full e-flex e-con e-child\" data-id=\"ed5ec9e\" data-element_type=\"container\" data-settings=\"{&quot;background_background&quot;:&quot;classic&quot;}\">\n\t\t<div class=\"elementor-element elementor-element-16d3982 e-con-full e-flex e-con e-child\" data-id=\"16d3982\" data-element_type=\"container\" data-settings=\"{&quot;background_background&quot;:&quot;classic&quot;}\">\n\t\t\t\t<div class=\"elementor-element elementor-element-3ea595d elementor-widget elementor-widget-image-box\" data-id=\"3ea595d\" data-element_type=\"widget\" data-widget_type=\"image-box.default\">\n\t\t\t\t\t<div class=\"elementor-image-box-wrapper\"><div class=\"elementor-image-box-content\"><h4 class=\"elementor-image-box-title\">Fili\u00e8re : Ing\u00e9nierie des Syst\u00e8mes d\u2019Information<\/h4><\/div><\/div>\t\t\t\t<\/div>\n\t\t\t\t<div class=\"elementor-element elementor-element-0fd2520 color-scheme-inherit text-left elementor-widget elementor-widget-text-editor\" data-id=\"0fd2520\" data-element_type=\"widget\" data-widget_type=\"text-editor.default\">\n\t\t\t\t\t\t\t\t\t<div class=\"elementor-element elementor-element-07e87de elementor-widget elementor-widget-heading animated fadeIn\" data-id=\"07e87de\" data-element_type=\"widget\" data-settings=\"{&quot;_animation&quot;:&quot;fadeIn&quot;,&quot;_animation_tablet&quot;:&quot;none&quot;,&quot;_animation_mobile&quot;:&quot;none&quot;,&quot;_animation_delay&quot;:200}\" data-widget_type=\"heading.default\"><div class=\"elementor-widget-container\"><h5 class=\"elementor-heading-title elementor-size-default\">Option : Administration des Syst\u00e8mes et R\u00e9seaux (ASR)<\/h5><\/div><\/div>\t\t\t\t\t\t\t\t<\/div>\n\t\t\t\t<div class=\"elementor-element elementor-element-2673cfa color-scheme-inherit text-left elementor-widget elementor-widget-text-editor\" data-id=\"2673cfa\" data-element_type=\"widget\" data-widget_type=\"text-editor.default\">\n\t\t\t\t\t\t\t\t\t<div class=\"elementor-element elementor-element-07e87de elementor-widget elementor-widget-heading animated fadeIn\" data-id=\"07e87de\" data-element_type=\"widget\" data-settings=\"{&quot;_animation&quot;:&quot;fadeIn&quot;,&quot;_animation_tablet&quot;:&quot;none&quot;,&quot;_animation_mobile&quot;:&quot;none&quot;,&quot;_animation_delay&quot;:200}\" data-widget_type=\"heading.default\"><div class=\"elementor-widget-container\"><ul><li>Interconnexion des r\u00e9seaux (CCNA 3\/4)<\/li><li>Administration et s\u00e9curit\u00e9 des SI<\/li><li>Cloud Computing &amp; Infrastructure Cloud<\/li><li>Traitement avanc\u00e9 des r\u00e9seaux<\/li><li>Virtualisation et administration des serveurs<\/li><li>IoT &amp; R\u00e9seaux intelligents<\/li><\/ul><\/div><\/div>\t\t\t\t\t\t\t\t<\/div>\n\t\t\t\t<div class=\"elementor-element elementor-element-cd36554 color-scheme-inherit text-left elementor-widget elementor-widget-text-editor\" data-id=\"cd36554\" data-element_type=\"widget\" data-widget_type=\"text-editor.default\">\n\t\t\t\t\t\t\t\t\t<div class=\"elementor-element elementor-element-07e87de elementor-widget elementor-widget-heading animated fadeIn\" data-id=\"07e87de\" data-element_type=\"widget\" data-settings=\"{&quot;_animation&quot;:&quot;fadeIn&quot;,&quot;_animation_tablet&quot;:&quot;none&quot;,&quot;_animation_mobile&quot;:&quot;none&quot;,&quot;_animation_delay&quot;:200}\" data-widget_type=\"heading.default\"><div class=\"elementor-widget-container\"><h5 class=\"elementor-heading-title elementor-size-default\">Option : Intelligence Artificielle et Smart Syst\u00e8mes (IASS)<\/h5><\/div><\/div>\t\t\t\t\t\t\t\t<\/div>\n\t\t\t\t<div class=\"elementor-element elementor-element-e268043 color-scheme-inherit text-left elementor-widget elementor-widget-text-editor\" data-id=\"e268043\" data-element_type=\"widget\" data-widget_type=\"text-editor.default\">\n\t\t\t\t\t\t\t\t\t<div class=\"elementor-element elementor-element-07e87de elementor-widget elementor-widget-heading animated fadeIn\" data-id=\"07e87de\" data-element_type=\"widget\" data-settings=\"{&quot;_animation&quot;:&quot;fadeIn&quot;,&quot;_animation_tablet&quot;:&quot;none&quot;,&quot;_animation_mobile&quot;:&quot;none&quot;,&quot;_animation_delay&quot;:200}\" data-widget_type=\"heading.default\"><div class=\"elementor-widget-container\"><ul><li>Deep Learning<\/li><li>Cloud Computing &amp; IoT<\/li><li>Syst\u00e8mes embarqu\u00e9s temps r\u00e9el<\/li><li>Vision par ordinateur &amp; Generative AI (LLM)<\/li><li>Machine Learning<\/li><li>Traitement d\u2019images avanc\u00e9<\/li><\/ul><\/div><\/div>\t\t\t\t\t\t\t\t<\/div>\n\t\t\t\t<div class=\"elementor-element elementor-element-309a7c6 color-scheme-inherit text-left elementor-widget elementor-widget-text-editor\" data-id=\"309a7c6\" data-element_type=\"widget\" data-widget_type=\"text-editor.default\">\n\t\t\t\t\t\t\t\t\t<div class=\"elementor-element elementor-element-07e87de elementor-widget elementor-widget-heading animated fadeIn\" data-id=\"07e87de\" data-element_type=\"widget\" data-settings=\"{&quot;_animation&quot;:&quot;fadeIn&quot;,&quot;_animation_tablet&quot;:&quot;none&quot;,&quot;_animation_mobile&quot;:&quot;none&quot;,&quot;_animation_delay&quot;:200}\" data-widget_type=\"heading.default\"><div class=\"elementor-widget-container\"><h5 class=\"elementor-heading-title elementor-size-default\">Option : Syst\u00e8mes d\u2019Informations et Data Science (SIDS)<\/h5><\/div><\/div>\t\t\t\t\t\t\t\t<\/div>\n\t\t\t\t<div class=\"elementor-element elementor-element-0f2d970 color-scheme-inherit text-left elementor-widget elementor-widget-text-editor\" data-id=\"0f2d970\" data-element_type=\"widget\" data-widget_type=\"text-editor.default\">\n\t\t\t\t\t\t\t\t\t<div class=\"elementor-element elementor-element-07e87de elementor-widget elementor-widget-heading animated fadeIn\" data-id=\"07e87de\" data-element_type=\"widget\" data-settings=\"{&quot;_animation&quot;:&quot;fadeIn&quot;,&quot;_animation_tablet&quot;:&quot;none&quot;,&quot;_animation_mobile&quot;:&quot;none&quot;,&quot;_animation_delay&quot;:200}\" data-widget_type=\"heading.default\"><div class=\"elementor-widget-container\"><ul><li>D\u00e9veloppement distribu\u00e9 et mobile<\/li><li>Big Data &amp; Data Science<\/li><li>Syst\u00e8mes d\u2019information d\u00e9cisionnels<\/li><li>Mod\u00e9lisation avanc\u00e9e &amp; Generative AI (LLM)<\/li><li>Virtualisation &amp; Administration des serveurs<\/li><li>Machine Learning<\/li><li>Projet f\u00e9d\u00e9rateur en SI<\/li><li>S\u00e9curit\u00e9 informatique<\/li><\/ul><\/div><\/div>\t\t\t\t\t\t\t\t<\/div>\n\t\t\t\t<div class=\"elementor-element elementor-element-7519d09 elementor-widget elementor-widget-image-box\" data-id=\"7519d09\" data-element_type=\"widget\" data-widget_type=\"image-box.default\">\n\t\t\t\t\t<div class=\"elementor-image-box-wrapper\"><div class=\"elementor-image-box-content\"><h4 class=\"elementor-image-box-title\">Fili\u00e8re : Information Technology<\/h4><\/div><\/div>\t\t\t\t<\/div>\n\t\t\t\t<div class=\"elementor-element elementor-element-a1fee59 color-scheme-inherit text-left elementor-widget elementor-widget-text-editor\" data-id=\"a1fee59\" data-element_type=\"widget\" data-widget_type=\"text-editor.default\">\n\t\t\t\t\t\t\t\t\t<div class=\"elementor-element elementor-element-07e87de elementor-widget elementor-widget-heading animated fadeIn\" data-id=\"07e87de\" data-element_type=\"widget\" data-settings=\"{&quot;_animation&quot;:&quot;fadeIn&quot;,&quot;_animation_tablet&quot;:&quot;none&quot;,&quot;_animation_mobile&quot;:&quot;none&quot;,&quot;_animation_delay&quot;:200}\" data-widget_type=\"heading.default\"><div class=\"elementor-widget-container\"><h5 class=\"elementor-heading-title elementor-size-default\">Option : Cyber Security<\/h5><\/div><\/div>\t\t\t\t\t\t\t\t<\/div>\n\t\t\t\t<div class=\"elementor-element elementor-element-f041a71 color-scheme-inherit text-left elementor-widget elementor-widget-text-editor\" data-id=\"f041a71\" data-element_type=\"widget\" data-widget_type=\"text-editor.default\">\n\t\t\t\t\t\t\t\t\t<div class=\"elementor-element elementor-element-07e87de elementor-widget elementor-widget-heading animated fadeIn\" data-id=\"07e87de\" data-element_type=\"widget\" data-settings=\"{&quot;_animation&quot;:&quot;fadeIn&quot;,&quot;_animation_tablet&quot;:&quot;none&quot;,&quot;_animation_mobile&quot;:&quot;none&quot;,&quot;_animation_delay&quot;:200}\" data-widget_type=\"heading.default\"><div class=\"elementor-widget-container\"><ul><li>Cyber Security Management<\/li><li>Reverse Engineering &amp; Risk Analysis<\/li><li>Internet Attacks &amp; GXPN Certification<\/li><li>Incident Handling &amp; Disaster Recovery<\/li><li>Cyber Investigation &amp; Security Policy<\/li><li>Web Application Security<\/li><li>Virtualization &amp; Server Administration<\/li><li>Certification Scrum &amp; Specialized Project<\/li><\/ul><\/div><\/div>\t\t\t\t\t\t\t\t<\/div>\n\t\t\t\t<div class=\"elementor-element elementor-element-109953e color-scheme-inherit text-left elementor-widget elementor-widget-text-editor\" data-id=\"109953e\" data-element_type=\"widget\" data-widget_type=\"text-editor.default\">\n\t\t\t\t\t\t\t\t\t<div class=\"elementor-element elementor-element-07e87de elementor-widget elementor-widget-heading animated fadeIn\" data-id=\"07e87de\" data-element_type=\"widget\" data-settings=\"{&quot;_animation&quot;:&quot;fadeIn&quot;,&quot;_animation_tablet&quot;:&quot;none&quot;,&quot;_animation_mobile&quot;:&quot;none&quot;,&quot;_animation_delay&quot;:200}\" data-widget_type=\"heading.default\"><div class=\"elementor-widget-container\"><div class=\"elementor-element elementor-element-51e624c elementor-widget elementor-widget-heading animated fadeIn\" data-id=\"51e624c\" data-element_type=\"widget\" data-settings=\"{&quot;_animation&quot;:&quot;fadeIn&quot;,&quot;_animation_tablet&quot;:&quot;none&quot;,&quot;_animation_mobile&quot;:&quot;none&quot;,&quot;_animation_delay&quot;:200}\" data-widget_type=\"heading.default\"><div class=\"elementor-widget-container\"><h5 class=\"elementor-heading-title elementor-size-default\">Option : Data Science And Software Engineering<\/h5><\/div><\/div><\/div><\/div>\t\t\t\t\t\t\t\t<\/div>\n\t\t\t\t<div class=\"elementor-element elementor-element-068f09a color-scheme-inherit text-left elementor-widget elementor-widget-text-editor\" data-id=\"068f09a\" data-element_type=\"widget\" data-widget_type=\"text-editor.default\">\n\t\t\t\t\t\t\t\t\t<div class=\"elementor-element elementor-element-07e87de elementor-widget elementor-widget-heading animated fadeIn\" data-id=\"07e87de\" data-element_type=\"widget\" data-settings=\"{&quot;_animation&quot;:&quot;fadeIn&quot;,&quot;_animation_tablet&quot;:&quot;none&quot;,&quot;_animation_mobile&quot;:&quot;none&quot;,&quot;_animation_delay&quot;:200}\" data-widget_type=\"heading.default\"><div class=\"elementor-widget-container\"><ul><li>Big Data &amp; Data Science<\/li><li>Distributed Development<\/li><li>Machine &amp; Deep Learning<\/li><li>Advanced Software Modeling<\/li><li>Computer Vision &amp; Generative AI (LLM)<\/li><li>Web Application Security<\/li><\/ul><\/div><\/div>\t\t\t\t\t\t\t\t<\/div>\n\t\t\t\t<div class=\"elementor-element elementor-element-666740b elementor-widget elementor-widget-image-box\" data-id=\"666740b\" data-element_type=\"widget\" data-widget_type=\"image-box.default\">\n\t\t\t\t\t<div class=\"elementor-image-box-wrapper\"><div class=\"elementor-image-box-content\"><h4 class=\"elementor-image-box-title\">D\u00e9bouch\u00e9s<\/h4><\/div><\/div>\t\t\t\t<\/div>\n\t\t\t\t<div class=\"elementor-element elementor-element-dcff94a color-scheme-inherit text-left elementor-widget elementor-widget-text-editor\" data-id=\"dcff94a\" data-element_type=\"widget\" data-widget_type=\"text-editor.default\">\n\t\t\t\t\t\t\t\t\t<div class=\"elementor-element elementor-element-07e87de elementor-widget elementor-widget-heading animated fadeIn\" data-id=\"07e87de\" data-element_type=\"widget\" data-settings=\"{&quot;_animation&quot;:&quot;fadeIn&quot;,&quot;_animation_tablet&quot;:&quot;none&quot;,&quot;_animation_mobile&quot;:&quot;none&quot;,&quot;_animation_delay&quot;:200}\" data-widget_type=\"heading.default\"><div class=\"elementor-widget-container\"><ul><li>Data Scientist<\/li><li>Ing\u00e9nieur en Intelligence Artificielle<\/li><li>Architecte Cloud &amp; Syst\u00e8mes Distribu\u00e9s<\/li><li>Chef de projet IT \/ digital<\/li><li>Ing\u00e9nieur cybers\u00e9curit\u00e9<\/li><li>Ing\u00e9nieur DevOps \/ SRE (Site Reliability Engineer)<\/li><li>Consultant en transformation digitale \/ SI<\/li><li>D\u00e9veloppeur full-stack \/ Architecte logiciel<\/li><li>Ing\u00e9nieur syst\u00e8mes embarqu\u00e9s et IoT<\/li><li>Administrateur syst\u00e8mes &amp; r\u00e9seaux \/ Infrastructure IT Manager<\/li><\/ul><\/div><\/div>\t\t\t\t\t\t\t\t<\/div>\n\t\t\t\t<\/div>\n\t\t<div class=\"elementor-element elementor-element-c2bd940 e-con-full e-flex e-con e-child\" data-id=\"c2bd940\" data-element_type=\"container\">\n\t\t\t\t<div class=\"elementor-element elementor-element-76db7f0 elementor-widget elementor-widget-heading\" data-id=\"76db7f0\" data-element_type=\"widget\" data-widget_type=\"heading.default\">\n\t\t\t\t\t<h2 class=\"elementor-heading-title elementor-size-default\">Masters En Informatique |  MSIT had soualem<\/h2>\t\t\t\t<\/div>\n\t\t\t\t<\/div>\n\t\t\t\t<\/div>\n\t\t\t\t<\/div>\n\t\t\t\t<\/div>\n\t\t\t\t<\/div>\n\t\t\t\t<\/div>\n\t\t\t\t\t<\/div>\n\t\t\t\t<\/div>\n\t\t\t\t<\/div>\n\t\t","protected":false},"excerpt":{"rendered":"<p>Fili\u00e8re : Ing\u00e9nierie des Syst\u00e8mes d\u2019Information Option : Administration des Syst\u00e8mes et R\u00e9seaux (ASR) Interconnexion des r\u00e9seaux (CCNA 3\/4) Administration<\/p>\n","protected":false},"author":1,"featured_media":0,"parent":0,"menu_order":0,"comment_status":"closed","ping_status":"closed","template":"","meta":{"footnotes":""},"class_list":["post-29338","page","type-page","status-publish","hentry"],"_links":{"self":[{"href":"https:\/\/msit.ma\/index.php\/wp-json\/wp\/v2\/pages\/29338","targetHints":{"allow":["GET"]}}],"collection":[{"href":"https:\/\/msit.ma\/index.php\/wp-json\/wp\/v2\/pages"}],"about":[{"href":"https:\/\/msit.ma\/index.php\/wp-json\/wp\/v2\/types\/page"}],"author":[{"embeddable":true,"href":"https:\/\/msit.ma\/index.php\/wp-json\/wp\/v2\/users\/1"}],"replies":[{"embeddable":true,"href":"https:\/\/msit.ma\/index.php\/wp-json\/wp\/v2\/comments?post=29338"}],"version-history":[{"count":4,"href":"https:\/\/msit.ma\/index.php\/wp-json\/wp\/v2\/pages\/29338\/revisions"}],"predecessor-version":[{"id":29342,"href":"https:\/\/msit.ma\/index.php\/wp-json\/wp\/v2\/pages\/29338\/revisions\/29342"}],"wp:attachment":[{"href":"https:\/\/msit.ma\/index.php\/wp-json\/wp\/v2\/media?parent=29338"}],"curies":[{"name":"wp","href":"https:\/\/api.w.org\/{rel}","templated":true}]}}